{"id":1395,"date":"2024-02-21T09:46:46","date_gmt":"2024-02-21T08:46:46","guid":{"rendered":"https:\/\/certus.hr\/?page_id=1395"},"modified":"2026-03-23T10:35:50","modified_gmt":"2026-03-23T09:35:50","slug":"karriere-2","status":"publish","type":"page","link":"https:\/\/certus.hr\/de\/karijere\/","title":{"rendered":"Karijere"},"content":{"rendered":"\t\t<div data-elementor-type=\"wp-page\" data-elementor-id=\"1395\" class=\"elementor elementor-1395\" data-elementor-post-type=\"page\">\n\t\t\t\t<div class=\"elementor-element elementor-element-060bdb3 e-flex e-con-boxed e-con e-parent\" data-id=\"060bdb3\" data-element_type=\"container\" data-e-type=\"container\" data-settings=\"{&quot;background_background&quot;:&quot;classic&quot;}\">\n\t\t\t\t\t<div class=\"e-con-inner\">\n\t\t<div class=\"elementor-element elementor-element-2871055 e-flex e-con-boxed e-con e-child\" data-id=\"2871055\" data-element_type=\"container\" data-e-type=\"container\">\n\t\t\t\t\t<div class=\"e-con-inner\">\n\t\t<div class=\"elementor-element elementor-element-d0f6ddf e-flex e-con-boxed e-con e-child\" data-id=\"d0f6ddf\" data-element_type=\"container\" data-e-type=\"container\">\n\t\t\t\t\t<div class=\"e-con-inner\">\n\t\t\t\t<div class=\"elementor-element elementor-element-b9ec188 home-hero-heading elementor-widget elementor-widget-heading\" data-id=\"b9ec188\" data-element_type=\"widget\" data-e-type=\"widget\" data-widget_type=\"heading.default\">\n\t\t\t\t<div class=\"elementor-widget-container\">\n\t\t\t\t\t<h1 class=\"elementor-heading-title elementor-size-default\">Radimo<\/h1>\t\t\t\t<\/div>\n\t\t\t\t<\/div>\n\t\t\t\t\t<\/div>\n\t\t\t\t<\/div>\n\t\t<div class=\"elementor-element elementor-element-ee89ed0 e-flex e-con-boxed e-con e-child\" data-id=\"ee89ed0\" data-element_type=\"container\" data-e-type=\"container\">\n\t\t\t\t\t<div class=\"e-con-inner\">\n\t\t\t\t<div class=\"elementor-element elementor-element-5027420 home-hero-heading elementor-widget elementor-widget-heading\" data-id=\"5027420\" data-element_type=\"widget\" data-e-type=\"widget\" data-widget_type=\"heading.default\">\n\t\t\t\t<div class=\"elementor-widget-container\">\n\t\t\t\t\t<h1 class=\"elementor-heading-title elementor-size-default\">Zajedno<\/h1>\t\t\t\t<\/div>\n\t\t\t\t<\/div>\n\t\t\t\t<div class=\"elementor-element elementor-element-8998086 fade-element elementor-widget-divider--view-line elementor-widget elementor-widget-divider\" data-id=\"8998086\" data-element_type=\"widget\" data-e-type=\"widget\" data-widget_type=\"divider.default\">\n\t\t\t\t<div class=\"elementor-widget-container\">\n\t\t\t\t\t\t\t<div class=\"elementor-divider\">\n\t\t\t<span class=\"elementor-divider-separator\">\n\t\t\t\t\t\t<\/span>\n\t\t<\/div>\n\t\t\t\t\t\t<\/div>\n\t\t\t\t<\/div>\n\t\t\t\t\t<\/div>\n\t\t\t\t<\/div>\n\t\t\t\t\t<\/div>\n\t\t\t\t<\/div>\n\t\t<div class=\"elementor-element elementor-element-a124a4f e-con-full e-flex e-con e-child\" data-id=\"a124a4f\" data-element_type=\"container\" data-e-type=\"container\">\n\t\t<div class=\"elementor-element elementor-element-1ab7ec6 e-con-full elementor-hidden-mobile elementor-hidden-tablet e-flex e-con e-child\" data-id=\"1ab7ec6\" data-element_type=\"container\" data-e-type=\"container\">\n\t\t\t\t<\/div>\n\t\t<div class=\"elementor-element elementor-element-e0b7a8b e-con-full e-flex e-con e-child\" data-id=\"e0b7a8b\" data-element_type=\"container\" data-e-type=\"container\" data-settings=\"{&quot;animation&quot;:&quot;none&quot;,&quot;animation_delay&quot;:900}\">\n\t\t<div class=\"elementor-element elementor-element-fda55ec e-con-full e-flex e-con e-child\" data-id=\"fda55ec\" data-element_type=\"container\" data-e-type=\"container\">\n\t\t\t\t<div class=\"elementor-element elementor-element-78ae03f elementor-align-left btn-right-icon btn-icon-light elementor-widget elementor-widget-button\" data-id=\"78ae03f\" data-element_type=\"widget\" data-e-type=\"widget\" data-settings=\"{&quot;_animation&quot;:&quot;none&quot;,&quot;_animation_delay&quot;:900}\" data-widget_type=\"button.default\">\n\t\t\t\t<div class=\"elementor-widget-container\">\n\t\t\t\t\t\t\t\t\t<div class=\"elementor-button-wrapper\">\n\t\t\t\t\t<a class=\"elementor-button elementor-button-link elementor-size-sm\" href=\"#posts\">\n\t\t\t\t\t\t<span class=\"elementor-button-content-wrapper\">\n\t\t\t\t\t\t<span class=\"elementor-button-icon\">\n\t\t\t\t<svg xmlns=\"http:\/\/www.w3.org\/2000\/svg\" width=\"13\" height=\"11\" viewBox=\"0 0 13 11\" fill=\"none\"><path d=\"M0.612305 5.17529L11.6123 5.17529M11.6123 5.17529L7.1123 0.675293M11.6123 5.17529L7.1123 9.67529\" stroke=\"white\" stroke-linecap=\"round\" stroke-linejoin=\"round\"><\/path><\/svg>\t\t\t<\/span>\n\t\t\t\t\t\t\t\t\t<span class=\"elementor-button-text\">Saznajte vi\u0161e<\/span>\n\t\t\t\t\t<\/span>\n\t\t\t\t\t<\/a>\n\t\t\t\t<\/div>\n\t\t\t\t\t\t\t\t<\/div>\n\t\t\t\t<\/div>\n\t\t\t\t<\/div>\n\t\t\t\t<\/div>\n\t\t\t\t<\/div>\n\t\t\t\t\t<\/div>\n\t\t\t\t<\/div>\n\t\t<div class=\"elementor-element elementor-element-2540007 fade-section home-light-section e-flex e-con-boxed e-con e-parent\" data-id=\"2540007\" data-element_type=\"container\" data-e-type=\"container\" id=\"posts\">\n\t\t\t\t\t<div class=\"e-con-inner\">\n\t\t\t\t<div class=\"elementor-element elementor-element-4f57301 elementor-widget elementor-widget-heading\" data-id=\"4f57301\" data-element_type=\"widget\" data-e-type=\"widget\" data-settings=\"{&quot;_animation&quot;:&quot;none&quot;}\" data-widget_type=\"heading.default\">\n\t\t\t\t<div class=\"elementor-widget-container\">\n\t\t\t\t\t<h3 class=\"elementor-heading-title elementor-size-default\">Pridru\u017eite se na\u0161em timu<\/h3>\t\t\t\t<\/div>\n\t\t\t\t<\/div>\n\t\t\t\t<div class=\"elementor-element elementor-element-6ba2920 fade-section-fade-element elementor-widget-divider--view-line elementor-widget elementor-widget-divider\" data-id=\"6ba2920\" data-element_type=\"widget\" data-e-type=\"widget\" data-settings=\"{&quot;_animation&quot;:&quot;none&quot;}\" data-widget_type=\"divider.default\">\n\t\t\t\t<div class=\"elementor-widget-container\">\n\t\t\t\t\t\t\t<div class=\"elementor-divider\">\n\t\t\t<span class=\"elementor-divider-separator\">\n\t\t\t\t\t\t<\/span>\n\t\t<\/div>\n\t\t\t\t\t\t<\/div>\n\t\t\t\t<\/div>\n\t\t<div class=\"elementor-element elementor-element-7840a8b e-flex e-con-boxed e-con e-child\" data-id=\"7840a8b\" data-element_type=\"container\" data-e-type=\"container\">\n\t\t\t\t\t<div class=\"e-con-inner\">\n\t\t<div class=\"elementor-element elementor-element-4e073cb e-con-full elementor-hidden-mobile e-flex e-con e-child\" data-id=\"4e073cb\" data-element_type=\"container\" data-e-type=\"container\">\n\t\t\t\t<div class=\"elementor-element elementor-element-0481393 elementor-widget elementor-widget-image\" data-id=\"0481393\" data-element_type=\"widget\" data-e-type=\"widget\" data-widget_type=\"image.default\">\n\t\t\t\t<div class=\"elementor-widget-container\">\n\t\t\t\t\t\t\t\t\t\t\t\t\t\t\t<img fetchpriority=\"high\" decoding=\"async\" width=\"1414\" height=\"2000\" src=\"https:\/\/certus.hr\/wp-content\/uploads\/2026\/03\/Medunarodna-karijera-Stabilan-tim.png\" class=\"attachment-2048x2048 size-2048x2048 wp-image-3025\" alt=\"\" srcset=\"https:\/\/certus.hr\/wp-content\/uploads\/2026\/03\/Medunarodna-karijera-Stabilan-tim.png 1414w, https:\/\/certus.hr\/wp-content\/smush-webp\/2026\/03\/Medunarodna-karijera-Stabilan-tim-212x300.png.webp 212w, https:\/\/certus.hr\/wp-content\/smush-webp\/2026\/03\/Medunarodna-karijera-Stabilan-tim-724x1024.png.webp 724w, https:\/\/certus.hr\/wp-content\/smush-webp\/2026\/03\/Medunarodna-karijera-Stabilan-tim-768x1086.png.webp 768w, https:\/\/certus.hr\/wp-content\/smush-webp\/2026\/03\/Medunarodna-karijera-Stabilan-tim-1086x1536.png.webp 1086w, https:\/\/certus.hr\/wp-content\/smush-webp\/2026\/03\/Medunarodna-karijera-Stabilan-tim-8x12.png.webp 8w\" sizes=\"(max-width: 1414px) 100vw, 1414px\" \/>\t\t\t\t\t\t\t\t\t\t\t\t\t\t\t<\/div>\n\t\t\t\t<\/div>\n\t\t\t\t<\/div>\n\t\t<div class=\"elementor-element elementor-element-a8e9733 fade-element e-con-full e-flex e-con e-child\" data-id=\"a8e9733\" data-element_type=\"container\" data-e-type=\"container\" data-settings=\"{&quot;animation&quot;:&quot;none&quot;}\">\n\t\t\t\t<div class=\"elementor-element elementor-element-3e2457b fade-section-fade-element elementor-widget elementor-widget-text-editor\" data-id=\"3e2457b\" data-element_type=\"widget\" data-e-type=\"widget\" data-widget_type=\"text-editor.default\">\n\t\t\t\t<div class=\"elementor-widget-container\">\n\t\t\t\t\t\t\t\t\t<p>Tra\u017eimo iskusne i predane montere dizala za rad na projektima u inozemstvu. Ako imate iskustva u monta\u017ei dizala ili ste spremni nau\u010diti i raditi u me\u0111unarodnom okru\u017eenju, pozivamo vas da se prijavite.<\/p><p>Postanite dio na\u0161eg uspje\u0161nog tima i napravite sljede\u0107i korak u svojoj karijeri. Po\u0161aljite svoju prijavu sada i postanite dio na\u0161e dinami\u010dne tvrtke!<\/p>\t\t\t\t\t\t\t\t<\/div>\n\t\t\t\t<\/div>\n\t\t\t\t<\/div>\n\t\t\t\t\t<\/div>\n\t\t\t\t<\/div>\n\t\t<div class=\"elementor-element elementor-element-f89c5b6 e-flex e-con-boxed e-con e-child\" data-id=\"f89c5b6\" data-element_type=\"container\" data-e-type=\"container\">\n\t\t\t\t\t<div class=\"e-con-inner\">\n\t\t\t\t<div class=\"elementor-element elementor-element-acc0921 elementor-grid-1 careers-loop elementor-grid-tablet-1 elementor-grid-mobile-1 elementor-widget elementor-widget-loop-grid\" data-id=\"acc0921\" data-element_type=\"widget\" data-e-type=\"widget\" data-settings=\"{&quot;template_id&quot;:&quot;1410&quot;,&quot;columns&quot;:1,&quot;row_gap&quot;:{&quot;unit&quot;:&quot;px&quot;,&quot;size&quot;:0,&quot;sizes&quot;:[]},&quot;columns_tablet&quot;:1,&quot;row_gap_tablet&quot;:{&quot;unit&quot;:&quot;px&quot;,&quot;size&quot;:0,&quot;sizes&quot;:[]},&quot;row_gap_mobile&quot;:{&quot;unit&quot;:&quot;px&quot;,&quot;size&quot;:0,&quot;sizes&quot;:[]},&quot;_skin&quot;:&quot;post&quot;,&quot;columns_mobile&quot;:&quot;1&quot;,&quot;edit_handle_selector&quot;:&quot;[data-elementor-type=\\&quot;loop-item\\&quot;]&quot;}\" data-widget_type=\"loop-grid.post\">\n\t\t\t\t<div class=\"elementor-widget-container\">\n\t\t\t\t\t\t\t<div class=\"elementor-loop-container elementor-grid\" role=\"list\">\n\t\t<style id=\"loop-1410\">.elementor-1410 .elementor-element.elementor-element-cd55a6e{--display:flex;--flex-direction:row;--container-widget-width:calc( ( 1 - var( --container-widget-flex-grow ) ) * 100% );--container-widget-height:100%;--container-widget-flex-grow:1;--container-widget-align-self:stretch;--flex-wrap-mobile:wrap;--justify-content:center;--align-items:center;--gap:0px 0px;--row-gap:0px;--column-gap:0px;border-style:none;--border-style:none;}.elementor-1410 .elementor-element.elementor-element-2d70631{--display:flex;}.elementor-1410 .elementor-element.elementor-element-35c738b{--display:flex;--justify-content:center;--align-items:center;--container-widget-width:calc( ( 1 - var( --container-widget-flex-grow ) ) * 100% );}.elementor-1410 .elementor-element.elementor-element-35c738b.e-con{--flex-grow:0;--flex-shrink:0;}.elementor-widget-heading .elementor-heading-title{font-family:var( --e-global-typography-primary-font-family ), Sans-serif;font-weight:var( --e-global-typography-primary-font-weight );color:var( --e-global-color-primary );}.elementor-1410 .elementor-element.elementor-element-6bf986e .elementor-heading-title{font-family:\"Be Vietnam Pro\", Sans-serif;font-size:12px;font-weight:500;}.elementor-1410 .elementor-element.elementor-element-51f75d6{--display:flex;--flex-direction:row;--container-widget-width:calc( ( 1 - var( --container-widget-flex-grow ) ) * 100% );--container-widget-height:100%;--container-widget-flex-grow:1;--container-widget-align-self:stretch;--flex-wrap-mobile:wrap;--justify-content:flex-start;--align-items:center;}.elementor-widget-theme-post-title .elementor-heading-title{font-family:var( --e-global-typography-primary-font-family ), Sans-serif;font-weight:var( --e-global-typography-primary-font-weight );color:var( --e-global-color-primary );}.elementor-1410 .elementor-element.elementor-element-5de0ae4 .elementor-heading-title{font-family:\"Be Vietnam Pro\", Sans-serif;font-size:16px;font-weight:200;color:var( --e-global-color-7b97f3a );}.elementor-1410 .elementor-element.elementor-element-bbeae96{--display:flex;}.elementor-widget-image .widget-image-caption{color:var( --e-global-color-text );font-family:var( --e-global-typography-text-font-family ), Sans-serif;font-weight:var( --e-global-typography-text-font-weight );}.elementor-1410 .elementor-element.elementor-element-b5b59aa img{width:48px;}@media(max-width:1024px){.elementor-1410 .elementor-element.elementor-element-5de0ae4 .elementor-heading-title{font-size:32px;}}@media(min-width:768px){.elementor-1410 .elementor-element.elementor-element-2d70631{--width:5%;}.elementor-1410 .elementor-element.elementor-element-35c738b{--width:25%;}.elementor-1410 .elementor-element.elementor-element-51f75d6{--width:65%;}.elementor-1410 .elementor-element.elementor-element-bbeae96{--width:5%;}}@media(max-width:767px){.elementor-1410 .elementor-element.elementor-element-51f75d6{--justify-content:flex-start;--align-items:flex-start;--container-widget-width:calc( ( 1 - var( --container-widget-flex-grow ) ) * 100% );}.elementor-1410 .elementor-element.elementor-element-5de0ae4 .elementor-heading-title{font-size:22px;}}<\/style>\t\t<div data-elementor-type=\"loop-item\" data-elementor-id=\"1410\" class=\"elementor elementor-1410 e-loop-item e-loop-item-1394 post-1394 karijera type-karijera status-publish hentry\" data-elementor-post-type=\"elementor_library\" data-custom-edit-handle=\"1\">\n\t\t\t<a class=\"elementor-element elementor-element-cd55a6e e-con-full careers-card-container e-flex e-con e-parent\" data-id=\"cd55a6e\" data-element_type=\"container\" data-e-type=\"container\" data-settings=\"{&quot;background_background&quot;:&quot;classic&quot;}\" href=\"https:\/\/certus.hr\/de\/karijera\/vodeci-monter-dizala\/\">\n\t\t<div class=\"elementor-element elementor-element-2d70631 e-con-full e-flex e-con e-child\" data-id=\"2d70631\" data-element_type=\"container\" data-e-type=\"container\">\n\t\t\t\t<\/div>\n\t\t<div class=\"elementor-element elementor-element-35c738b e-con-full elementor-hidden-mobile careers-date-column e-flex e-con e-child\" data-id=\"35c738b\" data-element_type=\"container\" data-e-type=\"container\">\n\t\t\t\t<div class=\"elementor-element elementor-element-6bf986e careers-loop-date elementor-widget elementor-widget-heading\" data-id=\"6bf986e\" data-element_type=\"widget\" data-e-type=\"widget\" data-widget_type=\"heading.default\">\n\t\t\t\t<div class=\"elementor-widget-container\">\n\t\t\t\t\t<div class=\"elementor-heading-title elementor-size-default\">14\/03\/2025<\/div>\t\t\t\t<\/div>\n\t\t\t\t<\/div>\n\t\t\t\t<\/div>\n\t\t<div class=\"elementor-element elementor-element-51f75d6 e-con-full careers-loop-title-container e-flex e-con e-child\" data-id=\"51f75d6\" data-element_type=\"container\" data-e-type=\"container\">\n\t\t\t\t<div class=\"elementor-element elementor-element-5de0ae4 careers-loop-title elementor-widget elementor-widget-theme-post-title elementor-page-title elementor-widget-heading\" data-id=\"5de0ae4\" data-element_type=\"widget\" data-e-type=\"widget\" data-widget_type=\"theme-post-title.default\">\n\t\t\t\t<div class=\"elementor-widget-container\">\n\t\t\t\t\t<div class=\"elementor-heading-title elementor-size-default\">Vode\u0107i monter dizala<\/div>\t\t\t\t<\/div>\n\t\t\t\t<\/div>\n\t\t\t\t<\/div>\n\t\t<div class=\"elementor-element elementor-element-bbeae96 e-con-full elementor-hidden-mobile e-flex e-con e-child\" data-id=\"bbeae96\" data-element_type=\"container\" data-e-type=\"container\">\n\t\t\t\t<div class=\"elementor-element elementor-element-b5b59aa careers-loop-icon elementor-widget elementor-widget-image\" data-id=\"b5b59aa\" data-element_type=\"widget\" data-e-type=\"widget\" data-widget_type=\"image.default\">\n\t\t\t\t<div class=\"elementor-widget-container\">\n\t\t\t\t\t\t\t\t\t\t\t\t\t\t\t<img decoding=\"async\" width=\"33\" height=\"32\" src=\"https:\/\/certus.hr\/wp-content\/uploads\/2023\/12\/circle-arrow-icon.svg\" class=\"attachment-large size-large wp-image-550\" alt=\"\" \/>\t\t\t\t\t\t\t\t\t\t\t\t\t\t\t<\/div>\n\t\t\t\t<\/div>\n\t\t\t\t<\/div>\n\t\t\t\t<\/a>\n\t\t\t\t<\/div>\n\t\t\t\t<div data-elementor-type=\"loop-item\" data-elementor-id=\"1410\" class=\"elementor elementor-1410 e-loop-item e-loop-item-1393 post-1393 karijera type-karijera status-publish hentry\" data-elementor-post-type=\"elementor_library\" data-custom-edit-handle=\"1\">\n\t\t\t<a class=\"elementor-element elementor-element-cd55a6e e-con-full careers-card-container e-flex e-con e-parent\" data-id=\"cd55a6e\" data-element_type=\"container\" data-e-type=\"container\" data-settings=\"{&quot;background_background&quot;:&quot;classic&quot;}\" href=\"https:\/\/certus.hr\/de\/karijera\/pomocni-monter-dizala\/\">\n\t\t<div class=\"elementor-element elementor-element-2d70631 e-con-full e-flex e-con e-child\" data-id=\"2d70631\" data-element_type=\"container\" data-e-type=\"container\">\n\t\t\t\t<\/div>\n\t\t<div class=\"elementor-element elementor-element-35c738b e-con-full elementor-hidden-mobile careers-date-column e-flex e-con e-child\" data-id=\"35c738b\" data-element_type=\"container\" data-e-type=\"container\">\n\t\t\t\t<div class=\"elementor-element elementor-element-6bf986e careers-loop-date elementor-widget elementor-widget-heading\" data-id=\"6bf986e\" data-element_type=\"widget\" data-e-type=\"widget\" data-widget_type=\"heading.default\">\n\t\t\t\t<div class=\"elementor-widget-container\">\n\t\t\t\t\t<div class=\"elementor-heading-title elementor-size-default\">14\/03\/2025<\/div>\t\t\t\t<\/div>\n\t\t\t\t<\/div>\n\t\t\t\t<\/div>\n\t\t<div class=\"elementor-element elementor-element-51f75d6 e-con-full careers-loop-title-container e-flex e-con e-child\" data-id=\"51f75d6\" data-element_type=\"container\" data-e-type=\"container\">\n\t\t\t\t<div class=\"elementor-element elementor-element-5de0ae4 careers-loop-title elementor-widget elementor-widget-theme-post-title elementor-page-title elementor-widget-heading\" data-id=\"5de0ae4\" data-element_type=\"widget\" data-e-type=\"widget\" data-widget_type=\"theme-post-title.default\">\n\t\t\t\t<div class=\"elementor-widget-container\">\n\t\t\t\t\t<div class=\"elementor-heading-title elementor-size-default\">Pomo\u0107ni monter dizala<\/div>\t\t\t\t<\/div>\n\t\t\t\t<\/div>\n\t\t\t\t<\/div>\n\t\t<div class=\"elementor-element elementor-element-bbeae96 e-con-full elementor-hidden-mobile e-flex e-con e-child\" data-id=\"bbeae96\" data-element_type=\"container\" data-e-type=\"container\">\n\t\t\t\t<div class=\"elementor-element elementor-element-b5b59aa careers-loop-icon elementor-widget elementor-widget-image\" data-id=\"b5b59aa\" data-element_type=\"widget\" data-e-type=\"widget\" data-widget_type=\"image.default\">\n\t\t\t\t<div class=\"elementor-widget-container\">\n\t\t\t\t\t\t\t\t\t\t\t\t\t\t\t<img decoding=\"async\" width=\"33\" height=\"32\" src=\"https:\/\/certus.hr\/wp-content\/uploads\/2023\/12\/circle-arrow-icon.svg\" class=\"attachment-large size-large wp-image-550\" alt=\"\" \/>\t\t\t\t\t\t\t\t\t\t\t\t\t\t\t<\/div>\n\t\t\t\t<\/div>\n\t\t\t\t<\/div>\n\t\t\t\t<\/a>\n\t\t\t\t<\/div>\n\t\t\t\t<div data-elementor-type=\"loop-item\" data-elementor-id=\"1410\" class=\"elementor elementor-1410 e-loop-item e-loop-item-1392 post-1392 karijera type-karijera status-publish has-post-thumbnail hentry\" data-elementor-post-type=\"elementor_library\" data-custom-edit-handle=\"1\">\n\t\t\t<a class=\"elementor-element elementor-element-cd55a6e e-con-full careers-card-container e-flex e-con e-parent\" data-id=\"cd55a6e\" data-element_type=\"container\" data-e-type=\"container\" data-settings=\"{&quot;background_background&quot;:&quot;classic&quot;}\" href=\"https:\/\/certus.hr\/de\/karijera\/otvorena-prijava\/\">\n\t\t<div class=\"elementor-element elementor-element-2d70631 e-con-full e-flex e-con e-child\" data-id=\"2d70631\" data-element_type=\"container\" data-e-type=\"container\">\n\t\t\t\t<\/div>\n\t\t<div class=\"elementor-element elementor-element-35c738b e-con-full elementor-hidden-mobile careers-date-column e-flex e-con e-child\" data-id=\"35c738b\" data-element_type=\"container\" data-e-type=\"container\">\n\t\t\t\t<\/div>\n\t\t<div class=\"elementor-element elementor-element-51f75d6 e-con-full careers-loop-title-container e-flex e-con e-child\" data-id=\"51f75d6\" data-element_type=\"container\" data-e-type=\"container\">\n\t\t\t\t<div class=\"elementor-element elementor-element-5de0ae4 careers-loop-title elementor-widget elementor-widget-theme-post-title elementor-page-title elementor-widget-heading\" data-id=\"5de0ae4\" data-element_type=\"widget\" data-e-type=\"widget\" data-widget_type=\"theme-post-title.default\">\n\t\t\t\t<div class=\"elementor-widget-container\">\n\t\t\t\t\t<div class=\"elementor-heading-title elementor-size-default\">Otvorena prijava<\/div>\t\t\t\t<\/div>\n\t\t\t\t<\/div>\n\t\t\t\t<\/div>\n\t\t<div class=\"elementor-element elementor-element-bbeae96 e-con-full elementor-hidden-mobile e-flex e-con e-child\" data-id=\"bbeae96\" data-element_type=\"container\" data-e-type=\"container\">\n\t\t\t\t<div class=\"elementor-element elementor-element-b5b59aa careers-loop-icon elementor-widget elementor-widget-image\" data-id=\"b5b59aa\" data-element_type=\"widget\" data-e-type=\"widget\" data-widget_type=\"image.default\">\n\t\t\t\t<div class=\"elementor-widget-container\">\n\t\t\t\t\t\t\t\t\t\t\t\t\t\t\t<img decoding=\"async\" width=\"33\" height=\"32\" src=\"https:\/\/certus.hr\/wp-content\/uploads\/2023\/12\/circle-arrow-icon.svg\" class=\"attachment-large size-large wp-image-550\" alt=\"\" \/>\t\t\t\t\t\t\t\t\t\t\t\t\t\t\t<\/div>\n\t\t\t\t<\/div>\n\t\t\t\t<\/div>\n\t\t\t\t<\/a>\n\t\t\t\t<\/div>\n\t\t\t\t<\/div>\n\t\t\n\t\t\t\t\t\t<\/div>\n\t\t\t\t<\/div>\n\t\t\t\t\t<\/div>\n\t\t\t\t<\/div>\n\t\t\t\t\t<\/div>\n\t\t\t\t<\/div>\n\t\t\t\t<\/div>\n\t\t","protected":false},"excerpt":{"rendered":"<p>Radimo Zajedno Saznajte vi\u0161e Pridru\u017eite se na\u0161em timu Tra\u017eimo iskusne i predane montere dizala za rad na projektima u inozemstvu. Ako imate iskustva u monta\u017ei dizala ili ste spremni nau\u010diti i raditi u me\u0111unarodnom okru\u017eenju, pozivamo vas da se prijavite. Postanite dio na\u0161eg uspje\u0161nog tima i napravite sljede\u0107i korak u svojoj karijeri. Po\u0161aljite svoju prijavu [&hellip;]<\/p>\n","protected":false},"author":1,"featured_media":2176,"parent":0,"menu_order":0,"comment_status":"closed","ping_status":"closed","template":"elementor_header_footer","meta":{"_acf_changed":false,"footnotes":""},"class_list":["post-1395","page","type-page","status-publish","has-post-thumbnail","hentry"],"acf":[],"_links":{"self":[{"href":"https:\/\/certus.hr\/de\/wp-json\/wp\/v2\/pages\/1395","targetHints":{"allow":["GET"]}}],"collection":[{"href":"https:\/\/certus.hr\/de\/wp-json\/wp\/v2\/pages"}],"about":[{"href":"https:\/\/certus.hr\/de\/wp-json\/wp\/v2\/types\/page"}],"author":[{"embeddable":true,"href":"https:\/\/certus.hr\/de\/wp-json\/wp\/v2\/users\/1"}],"replies":[{"embeddable":true,"href":"https:\/\/certus.hr\/de\/wp-json\/wp\/v2\/comments?post=1395"}],"version-history":[{"count":79,"href":"https:\/\/certus.hr\/de\/wp-json\/wp\/v2\/pages\/1395\/revisions"}],"predecessor-version":[{"id":3028,"href":"https:\/\/certus.hr\/de\/wp-json\/wp\/v2\/pages\/1395\/revisions\/3028"}],"wp:featuredmedia":[{"embeddable":true,"href":"https:\/\/certus.hr\/de\/wp-json\/wp\/v2\/media\/2176"}],"wp:attachment":[{"href":"https:\/\/certus.hr\/de\/wp-json\/wp\/v2\/media?parent=1395"}],"curies":[{"name":"wp","href":"https:\/\/api.w.org\/{rel}","templated":true}]}}